{"id":53,"date":"2021-10-15T10:49:06","date_gmt":"2021-10-15T10:49:06","guid":{"rendered":"https:\/\/games.ctfc.cat\/?page_id=53"},"modified":"2021-11-09T10:23:18","modified_gmt":"2021-11-09T10:23:18","slug":"membres","status":"publish","type":"page","link":"https:\/\/games.ctfc.cat\/?page_id=53","title":{"rendered":"Membres"},"content":{"rendered":"\n<h2 class=\"wp-block-heading\">Investigadors Principals<\/h2>\n\n\n\n<div class=\"wp-block-media-text alignwide is-stacked-on-mobile\" style=\"grid-template-columns:16% auto\"><figure class=\"wp-block-media-text__media\"><img loading=\"lazy\" decoding=\"async\" width=\"461\" height=\"1024\" src=\"https:\/\/games.ctfc.cat\/wp-content\/uploads\/2021\/10\/teresa-461x1024.jpg\" alt=\"\" class=\"wp-image-143 size-full\" srcset=\"https:\/\/games.ctfc.cat\/wp-content\/uploads\/2021\/10\/teresa-461x1024.jpg 461w, https:\/\/games.ctfc.cat\/wp-content\/uploads\/2021\/10\/teresa-135x300.jpg 135w, https:\/\/games.ctfc.cat\/wp-content\/uploads\/2021\/10\/teresa-768x1708.jpg 768w, https:\/\/games.ctfc.cat\/wp-content\/uploads\/2021\/10\/teresa-691x1536.jpg 691w, https:\/\/games.ctfc.cat\/wp-content\/uploads\/2021\/10\/teresa.jpg 921w\" sizes=\"auto, (max-width: 461px) 100vw, 461px\" \/><\/figure><div class=\"wp-block-media-text__content\">\n<p style=\"font-size:25px\"><a href=\"https:\/\/ecofun.ctfc.cat\/index.php\/mt-sebastia\/\">Dra. Maria Teresa Sebasti\u00e0 (ECOFUN)<\/a><\/p>\n<\/div><\/div>\n\n\n\n<div class=\"wp-block-media-text alignwide is-stacked-on-mobile\" style=\"grid-template-columns:16% auto\"><figure class=\"wp-block-media-text__media\"><img loading=\"lazy\" decoding=\"async\" width=\"512\" height=\"512\" src=\"https:\/\/games.ctfc.cat\/wp-content\/uploads\/2021\/10\/silueta_mujer.png\" alt=\"\" class=\"wp-image-54 size-full\" srcset=\"https:\/\/games.ctfc.cat\/wp-content\/uploads\/2021\/10\/silueta_mujer.png 512w, https:\/\/games.ctfc.cat\/wp-content\/uploads\/2021\/10\/silueta_mujer-300x300.png 300w, https:\/\/games.ctfc.cat\/wp-content\/uploads\/2021\/10\/silueta_mujer-150x150.png 150w\" sizes=\"auto, (max-width: 512px) 100vw, 512px\" \/><\/figure><div class=\"wp-block-media-text__content\">\n<p style=\"font-size:25px\"><a href=\"http:\/\/www.eagrof.udl.cat\/en\/personnel\/PDI\/vega.html\">Dra. Cristina Vega (EAFRO, UdL)<\/a><\/p>\n<\/div><\/div>\n\n\n\n<div class=\"wp-block-media-text alignwide is-stacked-on-mobile\" style=\"grid-template-columns:17% auto\"><figure class=\"wp-block-media-text__media\"><img loading=\"lazy\" decoding=\"async\" width=\"512\" height=\"512\" src=\"https:\/\/games.ctfc.cat\/wp-content\/uploads\/2021\/10\/silueta_mujer.png\" alt=\"\" class=\"wp-image-54 size-full\" srcset=\"https:\/\/games.ctfc.cat\/wp-content\/uploads\/2021\/10\/silueta_mujer.png 512w, https:\/\/games.ctfc.cat\/wp-content\/uploads\/2021\/10\/silueta_mujer-300x300.png 300w, https:\/\/games.ctfc.cat\/wp-content\/uploads\/2021\/10\/silueta_mujer-150x150.png 150w\" sizes=\"auto, (max-width: 512px) 100vw, 512px\" \/><\/figure><div class=\"wp-block-media-text__content\">\n<p style=\"font-size:25px\"><a href=\"https:\/\/www.researchgate.net\/profile\/M-Colomer\">Dra. M. \u00c0ngels Colomer (Matem\u00e0tica, UdL)<\/a><\/p>\n<\/div><\/div>\n\n\n\n<div class=\"wp-block-media-text alignwide is-stacked-on-mobile\" style=\"grid-template-columns:17% auto\"><figure class=\"wp-block-media-text__media\"><img loading=\"lazy\" decoding=\"async\" width=\"512\" height=\"512\" src=\"https:\/\/games.ctfc.cat\/wp-content\/uploads\/2021\/10\/silueta_mujer.png\" alt=\"\" class=\"wp-image-54 size-full\" srcset=\"https:\/\/games.ctfc.cat\/wp-content\/uploads\/2021\/10\/silueta_mujer.png 512w, https:\/\/games.ctfc.cat\/wp-content\/uploads\/2021\/10\/silueta_mujer-300x300.png 300w, https:\/\/games.ctfc.cat\/wp-content\/uploads\/2021\/10\/silueta_mujer-150x150.png 150w\" sizes=\"auto, (max-width: 512px) 100vw, 512px\" \/><\/figure><div class=\"wp-block-media-text__content\">\n<p style=\"font-size:25px\">Dra. Cristina L\u00f3pez (EAFRO, UdL)<\/p>\n<\/div><\/div>\n\n\n\n<div class=\"wp-block-media-text alignwide is-stacked-on-mobile\" style=\"grid-template-columns:17% auto\"><figure class=\"wp-block-media-text__media\"><img loading=\"lazy\" decoding=\"async\" width=\"512\" height=\"512\" src=\"https:\/\/games.ctfc.cat\/wp-content\/uploads\/2021\/10\/silueta_mujer.png\" alt=\"\" class=\"wp-image-54 size-full\" srcset=\"https:\/\/games.ctfc.cat\/wp-content\/uploads\/2021\/10\/silueta_mujer.png 512w, https:\/\/games.ctfc.cat\/wp-content\/uploads\/2021\/10\/silueta_mujer-300x300.png 300w, https:\/\/games.ctfc.cat\/wp-content\/uploads\/2021\/10\/silueta_mujer-150x150.png 150w\" sizes=\"auto, (max-width: 512px) 100vw, 512px\" \/><\/figure><div class=\"wp-block-media-text__content\">\n<p style=\"font-size:25px\">Dra. Teresa Cervera (Gencat)<\/p>\n<\/div><\/div>\n\n\n\n<h2 class=\"wp-block-heading\">Post-docs<\/h2>\n\n\n\n<div class=\"wp-block-media-text alignwide is-stacked-on-mobile\" style=\"grid-template-columns:17% auto\"><figure class=\"wp-block-media-text__media\"><img loading=\"lazy\" decoding=\"async\" width=\"334\" height=\"394\" src=\"https:\/\/games.ctfc.cat\/wp-content\/uploads\/2021\/10\/Haifa_Foto_Web.png\" alt=\"\" class=\"wp-image-94 size-full\" srcset=\"https:\/\/games.ctfc.cat\/wp-content\/uploads\/2021\/10\/Haifa_Foto_Web.png 334w, https:\/\/games.ctfc.cat\/wp-content\/uploads\/2021\/10\/Haifa_Foto_Web-254x300.png 254w\" sizes=\"auto, (max-width: 334px) 100vw, 334px\" \/><\/figure><div class=\"wp-block-media-text__content\">\n<p style=\"font-size:25px\"><a href=\"https:\/\/test.ctfc.es\/ecofun\/index.php\/h-debouk\/\">Dra. Haifa Debouk (ECOFUN)<\/a><\/p>\n<\/div><\/div>\n\n\n\n<div class=\"wp-block-media-text alignwide is-stacked-on-mobile\" style=\"grid-template-columns:17% auto\"><figure class=\"wp-block-media-text__media\"><img loading=\"lazy\" decoding=\"async\" width=\"150\" height=\"200\" src=\"https:\/\/games.ctfc.cat\/wp-content\/uploads\/2021\/10\/teremari.jpg\" alt=\"\" class=\"wp-image-95 size-full\"\/><\/figure><div class=\"wp-block-media-text__content\">\n<p style=\"font-size:25px\"><a href=\"https:\/\/ecofun.ctfc.cat\/index.php\/t-mari\/\">Dra. Teresa Mar\u00ed (ECOFUN)<\/a><\/p>\n<\/div><\/div>\n\n\n\n<div class=\"wp-block-media-text alignwide is-stacked-on-mobile\" style=\"grid-template-columns:19% auto\"><figure class=\"wp-block-media-text__media\"><img loading=\"lazy\" decoding=\"async\" width=\"1024\" height=\"836\" src=\"https:\/\/games.ctfc.cat\/wp-content\/uploads\/2021\/10\/Mercedes_Ibanez1-1024x836-1.jpg\" alt=\"\" class=\"wp-image-96 size-full\" srcset=\"https:\/\/games.ctfc.cat\/wp-content\/uploads\/2021\/10\/Mercedes_Ibanez1-1024x836-1.jpg 1024w, https:\/\/games.ctfc.cat\/wp-content\/uploads\/2021\/10\/Mercedes_Ibanez1-1024x836-1-300x245.jpg 300w, https:\/\/games.ctfc.cat\/wp-content\/uploads\/2021\/10\/Mercedes_Ibanez1-1024x836-1-768x627.jpg 768w\" sizes=\"auto, (max-width: 1024px) 100vw, 1024px\" \/><\/figure><div class=\"wp-block-media-text__content\">\n<p style=\"font-size:25px\"><a href=\"https:\/\/ecofun.ctfc.cat\/index.php\/m-ibanez\/\">Dra. Mercedes Iba\u00f1ez (ECOFUN)<\/a><\/p>\n<\/div><\/div>\n\n\n\n<div class=\"wp-block-media-text alignwide is-stacked-on-mobile\" style=\"grid-template-columns:19% auto\"><figure class=\"wp-block-media-text__media\"><img loading=\"lazy\" decoding=\"async\" width=\"200\" height=\"200\" src=\"https:\/\/games.ctfc.cat\/wp-content\/uploads\/2021\/10\/fermin.png\" alt=\"\" class=\"wp-image-97 size-full\" srcset=\"https:\/\/games.ctfc.cat\/wp-content\/uploads\/2021\/10\/fermin.png 200w, https:\/\/games.ctfc.cat\/wp-content\/uploads\/2021\/10\/fermin-150x150.png 150w\" sizes=\"auto, (max-width: 200px) 100vw, 200px\" \/><\/figure><div class=\"wp-block-media-text__content\">\n<p style=\"font-size:25px\"><a href=\"https:\/\/www.webofscience.com\/wos\/author\/record\/3844656\">Dr. Ferm\u00edn Alcasena (Oregon State University)<\/a><\/p>\n<\/div><\/div>\n\n\n\n<div class=\"wp-block-media-text alignwide is-stacked-on-mobile\" style=\"grid-template-columns:17% auto\"><figure class=\"wp-block-media-text__media\"><img loading=\"lazy\" decoding=\"async\" width=\"512\" height=\"512\" src=\"https:\/\/games.ctfc.cat\/wp-content\/uploads\/2021\/10\/silueta_mujer.png\" alt=\"\" class=\"wp-image-54 size-full\" srcset=\"https:\/\/games.ctfc.cat\/wp-content\/uploads\/2021\/10\/silueta_mujer.png 512w, https:\/\/games.ctfc.cat\/wp-content\/uploads\/2021\/10\/silueta_mujer-300x300.png 300w, https:\/\/games.ctfc.cat\/wp-content\/uploads\/2021\/10\/silueta_mujer-150x150.png 150w\" sizes=\"auto, (max-width: 512px) 100vw, 512px\" \/><\/figure><div class=\"wp-block-media-text__content\">\n<p style=\"font-size:25px\"><a href=\"https:\/\/es.linkedin.com\/in\/irismonfortbague\">Dra. Iris Monfort (EAFRO, UdL)<\/a><\/p>\n<\/div><\/div>\n\n\n\n<div class=\"wp-block-media-text alignwide is-stacked-on-mobile\" style=\"grid-template-columns:17% auto\"><figure class=\"wp-block-media-text__media\"><img loading=\"lazy\" decoding=\"async\" width=\"231\" height=\"218\" src=\"https:\/\/games.ctfc.cat\/wp-content\/uploads\/2021\/10\/silueta-hombre-1.png\" alt=\"\" class=\"wp-image-61 size-full\"\/><\/figure><div class=\"wp-block-media-text__content\">\n<p style=\"font-size:25px\"><a href=\"https:\/\/www.researchgate.net\/profile\/Sergi-Costafreda-Aumedes\">Dr. Sergi Costafreda (CNR)<\/a><\/p>\n<\/div><\/div>\n\n\n\n<div class=\"wp-block-media-text alignwide is-stacked-on-mobile\" style=\"grid-template-columns:17% auto\"><figure class=\"wp-block-media-text__media\"><img loading=\"lazy\" decoding=\"async\" width=\"512\" height=\"512\" src=\"https:\/\/games.ctfc.cat\/wp-content\/uploads\/2021\/10\/silueta_mujer-1.png\" alt=\"\" class=\"wp-image-100 size-full\" srcset=\"https:\/\/games.ctfc.cat\/wp-content\/uploads\/2021\/10\/silueta_mujer-1.png 512w, https:\/\/games.ctfc.cat\/wp-content\/uploads\/2021\/10\/silueta_mujer-1-300x300.png 300w, https:\/\/games.ctfc.cat\/wp-content\/uploads\/2021\/10\/silueta_mujer-1-150x150.png 150w\" sizes=\"auto, (max-width: 512px) 100vw, 512px\" \/><\/figure><div class=\"wp-block-media-text__content\">\n<p style=\"font-size:25px\"><a href=\"https:\/\/ecofun.ctfc.cat\/index.php\/b-fernandez\/\">Dra. Beatriz Fer\u00e1ndez (ECOFUN)<\/a><\/p>\n<\/div><\/div>\n\n\n\n<h2 class=\"wp-block-heading\">Doctorands<\/h2>\n\n\n\n<div class=\"wp-block-media-text alignwide is-stacked-on-mobile\" style=\"grid-template-columns:19% auto\"><figure class=\"wp-block-media-text__media\"><img loading=\"lazy\" decoding=\"async\" width=\"1024\" height=\"683\" src=\"https:\/\/games.ctfc.cat\/wp-content\/uploads\/2021\/10\/Antonio_Rodriguez-1024x683-1.jpg\" alt=\"\" class=\"wp-image-98 size-full\" srcset=\"https:\/\/games.ctfc.cat\/wp-content\/uploads\/2021\/10\/Antonio_Rodriguez-1024x683-1.jpg 1024w, https:\/\/games.ctfc.cat\/wp-content\/uploads\/2021\/10\/Antonio_Rodriguez-1024x683-1-300x200.jpg 300w, https:\/\/games.ctfc.cat\/wp-content\/uploads\/2021\/10\/Antonio_Rodriguez-1024x683-1-768x512.jpg 768w\" sizes=\"auto, (max-width: 1024px) 100vw, 1024px\" \/><\/figure><div class=\"wp-block-media-text__content\">\n<p style=\"font-size:25px\"><a href=\"https:\/\/test.ctfc.es\/ecofun\/index.php\/a-rodriguez\/\">Antonio Rodr\u00edguez (ECOFUN)<\/a><\/p>\n<\/div><\/div>\n\n\n\n<div class=\"wp-block-media-text alignwide is-stacked-on-mobile\" style=\"grid-template-columns:17% auto\"><figure class=\"wp-block-media-text__media\"><img loading=\"lazy\" decoding=\"async\" width=\"231\" height=\"218\" src=\"https:\/\/games.ctfc.cat\/wp-content\/uploads\/2021\/10\/silueta-hombre.png\" alt=\"\" class=\"wp-image-60 size-full\"\/><\/figure><div class=\"wp-block-media-text__content\">\n<p style=\"font-size:25px\"><a href=\"https:\/\/www.researchgate.net\/profile\/Pere-J-Vadillo\">Pere Gelabert (EAFRO, UdL)<\/a><\/p>\n<\/div><\/div>\n\n\n\n<div class=\"wp-block-media-text alignwide is-stacked-on-mobile\" style=\"grid-template-columns:17% auto\"><figure class=\"wp-block-media-text__media\"><img loading=\"lazy\" decoding=\"async\" width=\"685\" height=\"1024\" src=\"https:\/\/games.ctfc.cat\/wp-content\/uploads\/2021\/10\/Cristian.jpg\" alt=\"\" class=\"wp-image-99 size-full\" srcset=\"https:\/\/games.ctfc.cat\/wp-content\/uploads\/2021\/10\/Cristian.jpg 685w, https:\/\/games.ctfc.cat\/wp-content\/uploads\/2021\/10\/Cristian-201x300.jpg 201w\" sizes=\"auto, (max-width: 685px) 100vw, 685px\" \/><\/figure><div class=\"wp-block-media-text__content\">\n<p style=\"font-size:25px\"><a href=\"https:\/\/ecofun.ctfc.cat\/index.php\/c-mestre-runge\/\">Cristian Mestre (ECOFUN)<\/a><\/p>\n<\/div><\/div>\n\n\n\n<div class=\"wp-block-media-text alignwide is-stacked-on-mobile\" style=\"grid-template-columns:17% auto\"><figure class=\"wp-block-media-text__media\"><img loading=\"lazy\" decoding=\"async\" width=\"231\" height=\"218\" src=\"https:\/\/games.ctfc.cat\/wp-content\/uploads\/2021\/10\/silueta-hombre.png\" alt=\"\" class=\"wp-image-60 size-full\"\/><\/figure><div class=\"wp-block-media-text__content\">\n<p style=\"font-size:25px\"><a href=\"https:\/\/ecofun.ctfc.cat\/index.php\/j-manjon-cabeza-cordoba\/\">Jos\u00e9 Manj\u00f3n-Cabeza (ECOFUN)<\/a><\/p>\n<\/div><\/div>\n\n\n\n<div class=\"wp-block-media-text alignwide is-stacked-on-mobile\" style=\"grid-template-columns:17% auto\"><figure class=\"wp-block-media-text__media\"><img loading=\"lazy\" decoding=\"async\" width=\"512\" height=\"512\" src=\"https:\/\/games.ctfc.cat\/wp-content\/uploads\/2021\/10\/silueta_mujer.png\" alt=\"\" class=\"wp-image-54 size-full\" srcset=\"https:\/\/games.ctfc.cat\/wp-content\/uploads\/2021\/10\/silueta_mujer.png 512w, https:\/\/games.ctfc.cat\/wp-content\/uploads\/2021\/10\/silueta_mujer-300x300.png 300w, https:\/\/games.ctfc.cat\/wp-content\/uploads\/2021\/10\/silueta_mujer-150x150.png 150w\" sizes=\"auto, (max-width: 512px) 100vw, 512px\" \/><\/figure><div class=\"wp-block-media-text__content\">\n<p style=\"font-size:25px\"><a href=\"https:\/\/www.linkedin.com\/in\/bountouraby-balde-167406b4\/?originalSubdomain=es\">Balde Bountouraby (EAFRO, UdL)<\/a><\/p>\n<\/div><\/div>\n\n\n\n<h2 class=\"wp-block-heading\">Estudiants<\/h2>\n\n\n\n<div class=\"wp-block-media-text alignwide is-stacked-on-mobile\" style=\"grid-template-columns:17% auto\"><figure class=\"wp-block-media-text__media\"><img loading=\"lazy\" decoding=\"async\" width=\"768\" height=\"1024\" src=\"https:\/\/games.ctfc.cat\/wp-content\/uploads\/2021\/11\/Sangita-768x1024.jpg\" alt=\"\" class=\"wp-image-165 size-full\" srcset=\"https:\/\/games.ctfc.cat\/wp-content\/uploads\/2021\/11\/Sangita-768x1024.jpg 768w, https:\/\/games.ctfc.cat\/wp-content\/uploads\/2021\/11\/Sangita-225x300.jpg 225w, https:\/\/games.ctfc.cat\/wp-content\/uploads\/2021\/11\/Sangita-1152x1536.jpg 1152w, https:\/\/games.ctfc.cat\/wp-content\/uploads\/2021\/11\/Sangita-1536x2048.jpg 1536w, https:\/\/games.ctfc.cat\/wp-content\/uploads\/2021\/11\/Sangita-scaled.jpg 1920w\" sizes=\"auto, (max-width: 768px) 100vw, 768px\" \/><\/figure><div class=\"wp-block-media-text__content\">\n<p style=\"font-size:25px\"><a href=\"https:\/\/ecofun.ctfc.cat\/index.php\/s-chowdhury\/\">Sangita Chowdhury (ECOFUN)<\/a><\/p>\n<\/div><\/div>\n\n\n\n<p><\/p>\n","protected":false},"excerpt":{"rendered":"<p>Investigadors Principals Dra. Maria Teresa Sebasti\u00e0 (ECOFUN) Dra. Cristina Vega (EAFRO, UdL) Dra. M. \u00c0ngels Colomer (Matem\u00e0tica, UdL) Dra. Cristina L\u00f3pez (EAFRO, UdL) Dra. Teresa Cervera (Gencat) Post-docs Dra. Haifa Debouk (ECOFUN) Dra. Teresa Mar\u00ed (ECOFUN) Dra. Mercedes Iba\u00f1ez (ECOFUN) Dr. Ferm\u00edn Alcasena (Oregon State University) Dra. Iris Monfort (EAFRO, UdL) Dr. Sergi Costafreda (CNR) &#8230; <a title=\"Membres\" class=\"read-more\" href=\"https:\/\/games.ctfc.cat\/?page_id=53\" aria-label=\"More on Membres\">Read more<\/a><\/p>\n","protected":false},"author":1,"featured_media":0,"parent":0,"menu_order":0,"comment_status":"closed","ping_status":"closed","template":"","meta":{"footnotes":""},"class_list":["post-53","page","type-page","status-publish"],"_links":{"self":[{"href":"https:\/\/games.ctfc.cat\/index.php?rest_route=\/wp\/v2\/pages\/53","targetHints":{"allow":["GET"]}}],"collection":[{"href":"https:\/\/games.ctfc.cat\/index.php?rest_route=\/wp\/v2\/pages"}],"about":[{"href":"https:\/\/games.ctfc.cat\/index.php?rest_route=\/wp\/v2\/types\/page"}],"author":[{"embeddable":true,"href":"https:\/\/games.ctfc.cat\/index.php?rest_route=\/wp\/v2\/users\/1"}],"replies":[{"embeddable":true,"href":"https:\/\/games.ctfc.cat\/index.php?rest_route=%2Fwp%2Fv2%2Fcomments&post=53"}],"version-history":[{"count":7,"href":"https:\/\/games.ctfc.cat\/index.php?rest_route=\/wp\/v2\/pages\/53\/revisions"}],"predecessor-version":[{"id":166,"href":"https:\/\/games.ctfc.cat\/index.php?rest_route=\/wp\/v2\/pages\/53\/revisions\/166"}],"wp:attachment":[{"href":"https:\/\/games.ctfc.cat\/index.php?rest_route=%2Fwp%2Fv2%2Fmedia&parent=53"}],"curies":[{"name":"wp","href":"https:\/\/api.w.org\/{rel}","templated":true}]}}