{"id":6,"date":"2021-10-14T09:43:24","date_gmt":"2021-10-14T09:43:24","guid":{"rendered":"https:\/\/games.ctfc.cat\/?page_id=6"},"modified":"2021-10-22T07:25:49","modified_gmt":"2021-10-22T07:25:49","slug":"games","status":"publish","type":"page","link":"https:\/\/games.ctfc.cat\/","title":{"rendered":""},"content":{"rendered":"\n<p>El <strong><a href=\"http:\/\/www.udl.cat\/ca\/recercaNew\/ambits\/Agroalimentacio\/\">grup de recerca GAMES<\/a> <\/strong>se centra en la gesti\u00f3 i modelitzaci\u00f3 de la biodiversitat i els serveis ambientals en els sistemes forestals i agraris en condicions de canvi global, inclosos els serveis de subministrament (biocombustibles, aliments de qualitat); regulaci\u00f3 (mitigaci\u00f3 dels gasos d&#8217;efecte hivernacle, conservaci\u00f3 de la fertilitat, protecci\u00f3 dels boscos i cultius; i suport (generaci\u00f3 de paisatges, connectivitat).<\/p>\n\n\n\n<p>Utilitzant metodologies d&#8217;avantguarda, GAMES analitza les interaccions bi\u00f2tiques entre els organismes i el medi ambient, i en general mecanismes que regulen els serveis a m\u00faltiples escales espacials i temporals: de l&#8217;escala d&#8217;ecosistemes i intra-ecosistema fins l&#8217;escala regional; i din\u00e0miques di\u00e0ries i estacionals fins din\u00e0miques de centenars d&#8217;anys.<\/p>\n\n\n\n<div class=\"wp-block-image\"><figure class=\"aligncenter size-large is-resized\"><img loading=\"lazy\" decoding=\"async\" src=\"https:\/\/games.ctfc.cat\/wp-content\/uploads\/2021\/10\/esquema_multiescala-1024x794.png\" alt=\"\" class=\"wp-image-27\" width=\"736\" height=\"571\" srcset=\"https:\/\/games.ctfc.cat\/wp-content\/uploads\/2021\/10\/esquema_multiescala-1024x794.png 1024w, https:\/\/games.ctfc.cat\/wp-content\/uploads\/2021\/10\/esquema_multiescala-300x233.png 300w, https:\/\/games.ctfc.cat\/wp-content\/uploads\/2021\/10\/esquema_multiescala-768x596.png 768w, https:\/\/games.ctfc.cat\/wp-content\/uploads\/2021\/10\/esquema_multiescala-1536x1191.png 1536w, https:\/\/games.ctfc.cat\/wp-content\/uploads\/2021\/10\/esquema_multiescala-2048x1588.png 2048w\" sizes=\"auto, (max-width: 736px) 100vw, 736px\" \/><figcaption>Esquema multi-escalar dels \u00e0mbits d&#8217;estudi de GAMES<\/figcaption><\/figure><\/div>\n\n\n\n<p>En l&#8217;actual context de <strong>canvi global <\/strong>la recerca desenvolupada pel grup de recerca GAMES pren especial rellev\u00e0ncia, aportant coneixement pr\u00e0ctic per desenvolupar <strong>estrat\u00e8gies d&#8217;adaptaci\u00f3 i i mitigaci\u00f3<\/strong> del canvi clim\u00e0tic, com s\u00f3n la conservaci\u00f3 de la diversitat o la lluita contra incendis forestals  <\/p>\n\n\n\n<div class=\"wp-block-image\"><figure class=\"aligncenter size-large is-resized\"><img loading=\"lazy\" decoding=\"async\" src=\"https:\/\/games.ctfc.cat\/wp-content\/uploads\/2021\/10\/global_change.png-1-1024x682.jpg\" alt=\"\" class=\"wp-image-35\" width=\"727\" height=\"483\" srcset=\"https:\/\/games.ctfc.cat\/wp-content\/uploads\/2021\/10\/global_change.png-1-1024x682.jpg 1024w, https:\/\/games.ctfc.cat\/wp-content\/uploads\/2021\/10\/global_change.png-1-300x200.jpg 300w, https:\/\/games.ctfc.cat\/wp-content\/uploads\/2021\/10\/global_change.png-1-768x511.jpg 768w, https:\/\/games.ctfc.cat\/wp-content\/uploads\/2021\/10\/global_change.png-1-1536x1022.jpg 1536w, https:\/\/games.ctfc.cat\/wp-content\/uploads\/2021\/10\/global_change.png-1-2048x1363.jpg 2048w\" sizes=\"auto, (max-width: 727px) 100vw, 727px\" \/><figcaption>El canvi global actua a diverses escales, des de l&#8217;ecosistema a una escala regional i global, i sobre tots els serveis ecosist\u00e8mics. La combinaci\u00f3 de diverses metodologies punteres d&#8217;an\u00e0lisi permet predir i modelitzar el funcionament dels ecosistemes.    <\/figcaption><\/figure><\/div>\n","protected":false},"excerpt":{"rendered":"<p>El grup de recerca GAMES se centra en la gesti\u00f3 i modelitzaci\u00f3 de la biodiversitat i els serveis ambientals en els sistemes forestals i agraris en condicions de canvi global, inclosos els serveis de subministrament (biocombustibles, aliments de qualitat); regulaci\u00f3 (mitigaci\u00f3 dels gasos d&#8217;efecte hivernacle, conservaci\u00f3 de la fertilitat, protecci\u00f3 dels boscos i cultius; i &#8230; <a title=\"\" class=\"read-more\" href=\"https:\/\/games.ctfc.cat\/\" aria-label=\"More on \">Read more<\/a><\/p>\n","protected":false},"author":1,"featured_media":0,"parent":0,"menu_order":0,"comment_status":"closed","ping_status":"closed","template":"","meta":{"footnotes":""},"class_list":["post-6","page","type-page","status-publish"],"_links":{"self":[{"href":"https:\/\/games.ctfc.cat\/index.php?rest_route=\/wp\/v2\/pages\/6","targetHints":{"allow":["GET"]}}],"collection":[{"href":"https:\/\/games.ctfc.cat\/index.php?rest_route=\/wp\/v2\/pages"}],"about":[{"href":"https:\/\/games.ctfc.cat\/index.php?rest_route=\/wp\/v2\/types\/page"}],"author":[{"embeddable":true,"href":"https:\/\/games.ctfc.cat\/index.php?rest_route=\/wp\/v2\/users\/1"}],"replies":[{"embeddable":true,"href":"https:\/\/games.ctfc.cat\/index.php?rest_route=%2Fwp%2Fv2%2Fcomments&post=6"}],"version-history":[{"count":15,"href":"https:\/\/games.ctfc.cat\/index.php?rest_route=\/wp\/v2\/pages\/6\/revisions"}],"predecessor-version":[{"id":148,"href":"https:\/\/games.ctfc.cat\/index.php?rest_route=\/wp\/v2\/pages\/6\/revisions\/148"}],"wp:attachment":[{"href":"https:\/\/games.ctfc.cat\/index.php?rest_route=%2Fwp%2Fv2%2Fmedia&parent=6"}],"curies":[{"name":"wp","href":"https:\/\/api.w.org\/{rel}","templated":true}]}}