{"id":67,"date":"2021-10-15T11:56:23","date_gmt":"2021-10-15T11:56:23","guid":{"rendered":"https:\/\/games.ctfc.cat\/?page_id=67"},"modified":"2021-10-29T09:34:18","modified_gmt":"2021-10-29T09:34:18","slug":"projectes-destacats","status":"publish","type":"page","link":"https:\/\/games.ctfc.cat\/?page_id=67","title":{"rendered":"Projectes"},"content":{"rendered":"\n<div class=\"wp-block-media-text alignwide is-stacked-on-mobile\" style=\"grid-template-columns:37% auto\"><figure class=\"wp-block-media-text__media\"><img loading=\"lazy\" decoding=\"async\" width=\"366\" height=\"138\" src=\"https:\/\/games.ctfc.cat\/wp-content\/uploads\/2021\/10\/fireurisk.png\" alt=\"\" class=\"wp-image-151 size-full\" srcset=\"https:\/\/games.ctfc.cat\/wp-content\/uploads\/2021\/10\/fireurisk.png 366w, https:\/\/games.ctfc.cat\/wp-content\/uploads\/2021\/10\/fireurisk-300x113.png 300w\" sizes=\"auto, (max-width: 366px) 100vw, 366px\" \/><\/figure><div class=\"wp-block-media-text__content\">\n<p style=\"font-size:25px\"><a href=\"https:\/\/fireurisk.eu\/\">FirEUrisk, an integrated approach to fire risk assessment, redfuction and adaptation (2021, 2025)<\/a><\/p>\n<\/div><\/div>\n\n\n\n<div class=\"wp-block-media-text alignwide is-stacked-on-mobile\" style=\"grid-template-columns:37% auto\"><figure class=\"wp-block-media-text__media\"><img loading=\"lazy\" decoding=\"async\" width=\"852\" height=\"425\" src=\"https:\/\/games.ctfc.cat\/wp-content\/uploads\/2021\/10\/PRIMA.png\" alt=\"\" class=\"wp-image-91 size-full\" srcset=\"https:\/\/games.ctfc.cat\/wp-content\/uploads\/2021\/10\/PRIMA.png 852w, https:\/\/games.ctfc.cat\/wp-content\/uploads\/2021\/10\/PRIMA-300x150.png 300w, https:\/\/games.ctfc.cat\/wp-content\/uploads\/2021\/10\/PRIMA-768x383.png 768w\" sizes=\"auto, (max-width: 852px) 100vw, 852px\" \/><\/figure><div class=\"wp-block-media-text__content\">\n<p style=\"font-size:25px\"><a href=\"https:\/\/www.era-learn.eu\/network-information\/networks\/prima\/section-2-call-2020-multitopic\/sown-forage-mixtures-for-sustainable-agroecosystems-in-the-mediterranean-area\">SUSFORAGE: Sown forage mixtures for sustainable agroecosystems in the Mediterranean area (2021 &#8211; 2024)<\/a><\/p>\n<\/div><\/div>\n\n\n\n<div class=\"wp-block-media-text alignwide is-stacked-on-mobile\" style=\"grid-template-columns:37% auto\"><figure class=\"wp-block-media-text__media\"><img loading=\"lazy\" decoding=\"async\" width=\"982\" height=\"193\" src=\"https:\/\/games.ctfc.cat\/wp-content\/uploads\/2021\/10\/LOGO-BIORGESTlifeNatura.png\" alt=\"\" class=\"wp-image-156 size-full\" srcset=\"https:\/\/games.ctfc.cat\/wp-content\/uploads\/2021\/10\/LOGO-BIORGESTlifeNatura.png 982w, https:\/\/games.ctfc.cat\/wp-content\/uploads\/2021\/10\/LOGO-BIORGESTlifeNatura-300x59.png 300w, https:\/\/games.ctfc.cat\/wp-content\/uploads\/2021\/10\/LOGO-BIORGESTlifeNatura-768x151.png 768w\" sizes=\"auto, (max-width: 982px) 100vw, 982px\" \/><\/figure><div class=\"wp-block-media-text__content\">\n<p style=\"font-size:25px\"><a href=\"http:\/\/lifebiorgest.eu\/ca\/inici\/\">Innovative Forest Management Strategies to Enhance Biodiversity in Mediterranean Forests. Incentives &amp; Management tools (LIFE BIORGEST) &#8211; 2019-2023<\/a><\/p>\n<\/div><\/div>\n\n\n\n<div class=\"wp-block-media-text alignwide is-stacked-on-mobile\" style=\"grid-template-columns:22% auto\"><figure class=\"wp-block-media-text__media\"><img loading=\"lazy\" decoding=\"async\" width=\"121\" height=\"110\" src=\"https:\/\/games.ctfc.cat\/wp-content\/uploads\/2021\/10\/sincereforest_logo-v-3.png\" alt=\"\" class=\"wp-image-159 size-full\"\/><\/figure><div class=\"wp-block-media-text__content\">\n<p style=\"font-size:25px\"><a href=\"https:\/\/sincereforests.eu\/\">Spurring INnovations for Forest ECosystem SERvices in Europe (H2020 SINCERE) &#8211; 2018-2022<\/a><\/p>\n<\/div><\/div>\n\n\n\n<div class=\"wp-block-media-text alignwide is-stacked-on-mobile\" style=\"grid-template-columns:37% auto\"><figure class=\"wp-block-media-text__media\"><img loading=\"lazy\" decoding=\"async\" width=\"558\" height=\"317\" src=\"https:\/\/games.ctfc.cat\/wp-content\/uploads\/2021\/10\/ECOSERVE-Logo.png\" alt=\"\" class=\"wp-image-152 size-full\" srcset=\"https:\/\/games.ctfc.cat\/wp-content\/uploads\/2021\/10\/ECOSERVE-Logo.png 558w, https:\/\/games.ctfc.cat\/wp-content\/uploads\/2021\/10\/ECOSERVE-Logo-300x170.png 300w\" sizes=\"auto, (max-width: 558px) 100vw, 558px\" \/><\/figure><div class=\"wp-block-media-text__content\">\n<p style=\"font-size:25px\"><a href=\"https:\/\/wiki.uef.fi\/display\/Biomprod\/ECOSERVE\">Ecoserve, a capacity building in higher education institutions in Russia and Mongolia<\/a><\/p>\n<\/div><\/div>\n\n\n\n<div class=\"wp-block-media-text alignwide is-stacked-on-mobile\" style=\"grid-template-columns:37% auto\"><figure class=\"wp-block-media-text__media\"><img loading=\"lazy\" decoding=\"async\" width=\"1024\" height=\"384\" src=\"https:\/\/games.ctfc.cat\/wp-content\/uploads\/2021\/10\/LegacyNetLogo-1024x384.png\" alt=\"\" class=\"wp-image-68 size-full\" srcset=\"https:\/\/games.ctfc.cat\/wp-content\/uploads\/2021\/10\/LegacyNetLogo-1024x384.png 1024w, https:\/\/games.ctfc.cat\/wp-content\/uploads\/2021\/10\/LegacyNetLogo-300x113.png 300w, https:\/\/games.ctfc.cat\/wp-content\/uploads\/2021\/10\/LegacyNetLogo-768x288.png 768w, https:\/\/games.ctfc.cat\/wp-content\/uploads\/2021\/10\/LegacyNetLogo-1536x576.png 1536w, https:\/\/games.ctfc.cat\/wp-content\/uploads\/2021\/10\/LegacyNetLogo.png 1890w\" sizes=\"auto, (max-width: 1024px) 100vw, 1024px\" \/><\/figure><div class=\"wp-block-media-text__content\">\n<p style=\"font-size:25px\"><a href=\"https:\/\/ecofun.ctfc.cat\/index.php\/legacynet\/\">LegacyNet, a global network of experiments (2020 \u2013 2022) <\/a><\/p>\n<\/div><\/div>\n\n\n\n<div class=\"wp-block-media-text alignwide is-stacked-on-mobile\" style=\"grid-template-columns:37% auto\"><figure class=\"wp-block-media-text__media\"><img loading=\"lazy\" decoding=\"async\" width=\"956\" height=\"1024\" src=\"https:\/\/games.ctfc.cat\/wp-content\/uploads\/2021\/10\/20211007_083857-min-recortada-1-956x1024.jpeg\" alt=\"\" class=\"wp-image-145 size-full\" srcset=\"https:\/\/games.ctfc.cat\/wp-content\/uploads\/2021\/10\/20211007_083857-min-recortada-1-956x1024.jpeg 956w, https:\/\/games.ctfc.cat\/wp-content\/uploads\/2021\/10\/20211007_083857-min-recortada-1-280x300.jpeg 280w, https:\/\/games.ctfc.cat\/wp-content\/uploads\/2021\/10\/20211007_083857-min-recortada-1-768x823.jpeg 768w, https:\/\/games.ctfc.cat\/wp-content\/uploads\/2021\/10\/20211007_083857-min-recortada-1-1434x1536.jpeg 1434w, https:\/\/games.ctfc.cat\/wp-content\/uploads\/2021\/10\/20211007_083857-min-recortada-1.jpeg 1860w\" sizes=\"auto, (max-width: 956px) 100vw, 956px\" \/><\/figure><div class=\"wp-block-media-text__content\">\n<p style=\"font-size:25px\"><a href=\"https:\/\/ecofun.ctfc.cat\/index.php\/legacynet\/\"><\/a><a href=\"https:\/\/ecofun.ctfc.cat\/index.php\/agrieco\/\">Els cultius mixtes de farratges ecol\u00f2gics com a eina d\u2019optimitzaci\u00f3 de la productivitat i la fertilitat del s\u00f2l (2020 \u2013 2021)<\/a><a href=\"https:\/\/ecofun.ctfc.cat\/index.php\/legacynet\/\"> <\/a><\/p>\n<\/div><\/div>\n\n\n\n<div class=\"wp-block-media-text alignwide is-stacked-on-mobile\" style=\"grid-template-columns:36% auto\"><figure class=\"wp-block-media-text__media\"><img loading=\"lazy\" decoding=\"async\" width=\"1020\" height=\"198\" src=\"https:\/\/games.ctfc.cat\/wp-content\/uploads\/2021\/10\/life-climark-logo-web-ESP.png\" alt=\"\" class=\"wp-image-127 size-full\" srcset=\"https:\/\/games.ctfc.cat\/wp-content\/uploads\/2021\/10\/life-climark-logo-web-ESP.png 1020w, https:\/\/games.ctfc.cat\/wp-content\/uploads\/2021\/10\/life-climark-logo-web-ESP-300x58.png 300w, https:\/\/games.ctfc.cat\/wp-content\/uploads\/2021\/10\/life-climark-logo-web-ESP-768x149.png 768w\" sizes=\"auto, (max-width: 1020px) 100vw, 1020px\" \/><\/figure><div class=\"wp-block-media-text__content\">\n<p style=\"font-size:25px\"><a href=\"https:\/\/lifeclimark.eu\/es\/\">Promoci\u00f3n de la gesti\u00f3n forestal para la&nbsp;mitigaci\u00f3n del cambio clim\u00e1tico&nbsp;mediante el dise\u00f1o de un mercado local de&nbsp;Cr\u00e9ditos Clim\u00e1ticos (2017 &#8211; 2021)<\/a><\/p>\n<\/div><\/div>\n\n\n\n<div class=\"wp-block-media-text alignwide is-stacked-on-mobile\" style=\"grid-template-columns:36% auto\"><figure class=\"wp-block-media-text__media\"><img loading=\"lazy\" decoding=\"async\" width=\"259\" height=\"194\" src=\"https:\/\/games.ctfc.cat\/wp-content\/uploads\/2021\/10\/buitre.jpg\" alt=\"\" class=\"wp-image-132 size-full\"\/><\/figure><div class=\"wp-block-media-text__content\">\n<p style=\"font-size:22px\">Implicaciones ecol\u00f3gicas y sociales de la actividad cineg\u00e9tica en una poblaci\u00f3n de aves necr\u00f3fagas: integrando caza, sostenibilidad y conservaci\u00f3n (2020 &#8211; 2021)<\/p>\n\n\n\n<p style=\"font-size:22px\"><a href=\"https:\/\/www.irec.es\/noticias\/proyecto-del-irec-financiado-la-convocatoria-2018-proyectos-idi-retos-investigacion-del-ministerio-ciencia-innovacion-universidades\/\">Efecto de los cambios en las pr\u00e1cticas ganaderas extensivas en la din\u00e1mica poblacional y ecolog\u00eda de forrajeo de las aves carro\u00f1eras en Pirineos (2018-2021)<\/a><\/p>\n<\/div><\/div>\n\n\n\n<div class=\"wp-block-media-text alignwide is-stacked-on-mobile\" style=\"grid-template-columns:37% auto\"><figure class=\"wp-block-media-text__media\"><img loading=\"lazy\" decoding=\"async\" width=\"1024\" height=\"768\" src=\"https:\/\/games.ctfc.cat\/wp-content\/uploads\/2021\/10\/IMG-20160607-WA0002-1024x768.jpg\" alt=\"\" class=\"wp-image-69 size-full\" srcset=\"https:\/\/games.ctfc.cat\/wp-content\/uploads\/2021\/10\/IMG-20160607-WA0002-1024x768.jpg 1024w, https:\/\/games.ctfc.cat\/wp-content\/uploads\/2021\/10\/IMG-20160607-WA0002-300x225.jpg 300w, https:\/\/games.ctfc.cat\/wp-content\/uploads\/2021\/10\/IMG-20160607-WA0002-768x576.jpg 768w, https:\/\/games.ctfc.cat\/wp-content\/uploads\/2021\/10\/IMG-20160607-WA0002-1536x1152.jpg 1536w, https:\/\/games.ctfc.cat\/wp-content\/uploads\/2021\/10\/IMG-20160607-WA0002.jpg 1600w\" sizes=\"auto, (max-width: 1024px) 100vw, 1024px\" \/><\/figure><div class=\"wp-block-media-text__content\">\n<p style=\"font-size:25px\"><a href=\"https:\/\/ecofun.ctfc.cat\/index.php\/legacynet\/\"><\/a><a href=\"https:\/\/farratgem.ecofun.ctfc.cat\/\">FARRATGEM: Les barreges farratgeres augmenten la productivitat i milloren el medi ambient<\/a> <a href=\"https:\/\/farratgem.ecofun.ctfc.cat\/\">(2018 \u2013 2020)<\/a><\/p>\n<\/div><\/div>\n\n\n\n<div class=\"wp-block-media-text alignwide is-stacked-on-mobile\" style=\"grid-template-columns:37% auto\"><figure class=\"wp-block-media-text__media\"><img loading=\"lazy\" decoding=\"async\" width=\"375\" height=\"225\" src=\"https:\/\/games.ctfc.cat\/wp-content\/uploads\/2021\/10\/20190723_tortora-europea.jpg_2127662475.jpg\" alt=\"\" class=\"wp-image-133 size-full\" srcset=\"https:\/\/games.ctfc.cat\/wp-content\/uploads\/2021\/10\/20190723_tortora-europea.jpg_2127662475.jpg 375w, https:\/\/games.ctfc.cat\/wp-content\/uploads\/2021\/10\/20190723_tortora-europea.jpg_2127662475-300x180.jpg 300w\" sizes=\"auto, (max-width: 375px) 100vw, 375px\" \/><\/figure><div class=\"wp-block-media-text__content\">\n<p style=\"font-size:25px\"><a href=\"https:\/\/ecofun.ctfc.cat\/index.php\/legacynet\/\"><\/a><a href=\"https:\/\/exteriors.gencat.cat\/ca\/ambits-dactuacio\/afers_exteriors\/ue\/fons_europeus\/detalls\/noticia\/20190723_tortora-europea\">Development of a population model and<br>adaptive harvest mechanism for Turtle Dove (Streptopelia turtur)<\/a><\/p>\n<\/div><\/div>\n\n\n\n<div class=\"wp-block-media-text alignwide is-stacked-on-mobile\" style=\"grid-template-columns:37% auto\"><figure class=\"wp-block-media-text__media\"><img loading=\"lazy\" decoding=\"async\" width=\"1024\" height=\"768\" src=\"https:\/\/games.ctfc.cat\/wp-content\/uploads\/2021\/10\/100_8385-1024x768.jpg\" alt=\"\" class=\"wp-image-70 size-full\" srcset=\"https:\/\/games.ctfc.cat\/wp-content\/uploads\/2021\/10\/100_8385-1024x768.jpg 1024w, https:\/\/games.ctfc.cat\/wp-content\/uploads\/2021\/10\/100_8385-300x225.jpg 300w, https:\/\/games.ctfc.cat\/wp-content\/uploads\/2021\/10\/100_8385-768x576.jpg 768w, https:\/\/games.ctfc.cat\/wp-content\/uploads\/2021\/10\/100_8385-1536x1152.jpg 1536w, https:\/\/games.ctfc.cat\/wp-content\/uploads\/2021\/10\/100_8385-2048x1536.jpg 2048w\" sizes=\"auto, (max-width: 1024px) 100vw, 1024px\" \/><\/figure><div class=\"wp-block-media-text__content\">\n<p style=\"font-size:25px\"><a href=\"https:\/\/ecofun.ctfc.cat\/index.php\/legacynet\/\"><\/a><a href=\"https:\/\/farratgem.ecofun.ctfc.cat\/\"><\/a><a href=\"https:\/\/pastucar.ecofun.ctfc.cat\/\">PASTUCAR: Pasturem per conservar carboni al prat (2018 \u2013 2020)<\/a><\/p>\n<\/div><\/div>\n\n\n\n<div class=\"wp-block-media-text alignwide is-stacked-on-mobile\" style=\"grid-template-columns:37% auto\"><figure class=\"wp-block-media-text__media\"><img loading=\"lazy\" decoding=\"async\" width=\"356\" height=\"142\" src=\"https:\/\/games.ctfc.cat\/wp-content\/uploads\/2021\/10\/logo_open2preserve.png\" alt=\"\" class=\"wp-image-86 size-full\" srcset=\"https:\/\/games.ctfc.cat\/wp-content\/uploads\/2021\/10\/logo_open2preserve.png 356w, https:\/\/games.ctfc.cat\/wp-content\/uploads\/2021\/10\/logo_open2preserve-300x120.png 300w\" sizes=\"auto, (max-width: 356px) 100vw, 356px\" \/><\/figure><div class=\"wp-block-media-text__content\">\n<p style=\"font-size:25px\"><a href=\"https:\/\/ecofun.ctfc.cat\/index.php\/pastucar-en\/\"><\/a><a href=\"https:\/\/open2preserve.eu\/\">Interreg Sudoe OPEN2PRESERVE<\/a><\/p>\n<\/div><\/div>\n\n\n\n<div class=\"wp-block-media-text alignwide is-stacked-on-mobile\" style=\"grid-template-columns:37% auto\"><figure class=\"wp-block-media-text__media\"><img loading=\"lazy\" decoding=\"async\" width=\"1024\" height=\"682\" src=\"https:\/\/games.ctfc.cat\/wp-content\/uploads\/2021\/10\/global_change.png-1-1024x682.jpg\" alt=\"\" class=\"wp-image-35 size-full\" srcset=\"https:\/\/games.ctfc.cat\/wp-content\/uploads\/2021\/10\/global_change.png-1-1024x682.jpg 1024w, https:\/\/games.ctfc.cat\/wp-content\/uploads\/2021\/10\/global_change.png-1-300x200.jpg 300w, https:\/\/games.ctfc.cat\/wp-content\/uploads\/2021\/10\/global_change.png-1-768x511.jpg 768w, https:\/\/games.ctfc.cat\/wp-content\/uploads\/2021\/10\/global_change.png-1-1536x1022.jpg 1536w, https:\/\/games.ctfc.cat\/wp-content\/uploads\/2021\/10\/global_change.png-1-2048x1363.jpg 2048w\" sizes=\"auto, (max-width: 1024px) 100vw, 1024px\" \/><\/figure><div class=\"wp-block-media-text__content\">\n<p style=\"font-size:25px\"><a href=\"https:\/\/open2preserve.eu\/\"><\/a><a href=\"https:\/\/ecofun.ctfc.cat\/index.php\/projects-imagine\/\">IMAGINE (MINECO Project): Integration of experimentation, models and images multiscale as a tool to manage multifunctionality in pastoral mountain systems<\/a><\/p>\n<\/div><\/div>\n\n\n\n<div class=\"wp-block-media-text alignwide is-stacked-on-mobile\" style=\"grid-template-columns:37% auto\"><figure class=\"wp-block-media-text__media\"><img loading=\"lazy\" decoding=\"async\" width=\"259\" height=\"194\" src=\"https:\/\/games.ctfc.cat\/wp-content\/uploads\/2021\/10\/buitre.jpg\" alt=\"\" class=\"wp-image-132 size-full\"\/><\/figure><div class=\"wp-block-media-text__content\">\n<p class=\"has-medium-font-size\">Sostenibilidad, servicios ecosist\u00e9micos y carro\u00f1eros en sistemas agroganaderos: integrando ecolog\u00eda del movimiento, modelos de poblaciones y percepci\u00f3n social (2016-2018)<\/p>\n\n\n\n<p class=\"has-medium-font-size\">Estudio de modelaci\u00f3n poblacional del estado de la poblaci\u00f3n donante de quebrantahuesos respecto a su capacidad para la extracci\u00f3n de ejemplares adultos no territoriales de cara a una posible translocaci\u00f3n (2017-2018)<\/p>\n\n\n\n<p class=\"has-medium-font-size\">Quebrantahuesos: perspectivas demogr\u00e1ficas de la prestaci\u00f3n de servicios (2018)<\/p>\n\n\n\n<p class=\"has-medium-font-size\"><\/p>\n<\/div><\/div>\n\n\n\n<p><\/p>\n","protected":false},"excerpt":{"rendered":"<p>FirEUrisk, an integrated approach to fire risk assessment, redfuction and adaptation (2021, 2025) SUSFORAGE: Sown forage mixtures for sustainable agroecosystems in the Mediterranean area (2021 &#8211; 2024) Innovative Forest Management Strategies to Enhance Biodiversity in Mediterranean Forests. Incentives &amp; Management tools (LIFE BIORGEST) &#8211; 2019-2023 Spurring INnovations for Forest ECosystem SERvices in Europe (H2020 SINCERE) &#8230; <a title=\"Projectes\" class=\"read-more\" href=\"https:\/\/games.ctfc.cat\/?page_id=67\" aria-label=\"More on Projectes\">Read more<\/a><\/p>\n","protected":false},"author":1,"featured_media":0,"parent":0,"menu_order":0,"comment_status":"closed","ping_status":"closed","template":"","meta":{"footnotes":""},"class_list":["post-67","page","type-page","status-publish"],"_links":{"self":[{"href":"https:\/\/games.ctfc.cat\/index.php?rest_route=\/wp\/v2\/pages\/67","targetHints":{"allow":["GET"]}}],"collection":[{"href":"https:\/\/games.ctfc.cat\/index.php?rest_route=\/wp\/v2\/pages"}],"about":[{"href":"https:\/\/games.ctfc.cat\/index.php?rest_route=\/wp\/v2\/types\/page"}],"author":[{"embeddable":true,"href":"https:\/\/games.ctfc.cat\/index.php?rest_route=\/wp\/v2\/users\/1"}],"replies":[{"embeddable":true,"href":"https:\/\/games.ctfc.cat\/index.php?rest_route=%2Fwp%2Fv2%2Fcomments&post=67"}],"version-history":[{"count":13,"href":"https:\/\/games.ctfc.cat\/index.php?rest_route=\/wp\/v2\/pages\/67\/revisions"}],"predecessor-version":[{"id":161,"href":"https:\/\/games.ctfc.cat\/index.php?rest_route=\/wp\/v2\/pages\/67\/revisions\/161"}],"wp:attachment":[{"href":"https:\/\/games.ctfc.cat\/index.php?rest_route=%2Fwp%2Fv2%2Fmedia&parent=67"}],"curies":[{"name":"wp","href":"https:\/\/api.w.org\/{rel}","templated":true}]}}